{"id":1898,"date":"2017-10-12T14:16:35","date_gmt":"2017-10-12T12:16:35","guid":{"rendered":"http:\/\/x-runners.de\/?page_id=1898"},"modified":"2025-05-15T19:01:42","modified_gmt":"2025-05-15T17:01:42","slug":"sponsoren","status":"publish","type":"page","link":"https:\/\/x-runners.de\/?page_id=1898","title":{"rendered":"Unterst\u00fctzer"},"content":{"rendered":"\n<p><img loading=\"lazy\" decoding=\"async\" class=\"alignnone size-thumbnail wp-image-45\" src=\"https:\/\/x-runners.de\/wp-content\/uploads\/2015\/04\/Sponsor1-150x150.gif\" alt=\"\" width=\"150\" height=\"150\"><br>Der <strong>B\u00e4cker aus Jena<\/strong>, der uns vor allem mit Lauf-Shirts und seiner ber\u00fchmten Rennsemmel unterst\u00fctzt.<\/p>\n\n\n\n<p><img loading=\"lazy\" decoding=\"async\" class=\"alignnone size-full wp-image-1884\" src=\"https:\/\/x-runners.de\/wp-content\/uploads\/2015\/04\/Bft_Logo.jpg\" alt=\"\" width=\"142\" height=\"108\"><br><span style=\"color: #000000;\"><strong>BFT Tankstelle &amp; Reifendienst Berrang<\/strong> (<\/span><span style=\"color: #000000;\">Triptis)<\/span><\/p>\n\n\n\n<p><img decoding=\"async\" class=\"only-desktop\" src=\"https:\/\/www.s-jena.de\/content\/dam\/myif\/sk-jena-saale-holzland\/work\/bilder\/logos\/spk-logo-desktop.png\" alt=\"Sparkasse Jena-Saale-Holzland\"><br><span style=\"color: #000000;\"><strong>Sparkasse Jena-Saale-Holzland <\/strong>(Hermsdorf)<\/span><\/p>\n\n\n\n<figure class=\"wp-block-image\"><img decoding=\"async\" src=\"https:\/\/x-runners.de\/wp-content\/uploads\/2017\/10\/Vaude.png\" alt=\"Dieses Bild hat ein leeres Alt-Attribut. Der Dateiname ist Vaude.png\"\/><\/figure>\n\n\n\n<p>Wir danken herzlich unseren Unterst\u00fctzern !<br>Sie m\u00f6chten die X-Runners auch f\u00f6rdern? Dann nehmen Sie einfach <a href=\"https:\/\/x-runners.de\/?page_id=15\">Kontakt<\/a> zu uns auf. <\/p>\n\n\n\n<p class=\"has-text-align-left\"><\/p>\n\n\n\n<p><\/p>\n","protected":false},"excerpt":{"rendered":"<p>Der B\u00e4cker aus Jena, der uns vor allem mit Lauf-Shirts und seiner ber\u00fchmten Rennsemmel unterst\u00fctzt. BFT Tankstelle &amp; Reifendienst Berrang (Triptis) Sparkasse Jena-Saale-Holzland (Hermsdorf) Wir danken herzlich unseren Unterst\u00fctzern !Sie m\u00f6chten die X-Runners auch f\u00f6rdern? Dann nehmen Sie einfach Kontakt zu uns auf.<\/p>\n","protected":false},"author":1,"featured_media":0,"parent":0,"menu_order":10,"comment_status":"closed","ping_status":"closed","template":"","meta":{"footnotes":""},"class_list":["post-1898","page","type-page","status-publish","hentry"],"yoast_head":"<!-- This site is optimized with the Yoast SEO plugin v27.4 - https:\/\/yoast.com\/product\/yoast-seo-wordpress\/ -->\n<title>Unterst\u00fctzer - X-Runners<\/title>\n<meta name=\"robots\" content=\"index, follow, max-snippet:-1, max-image-preview:large, max-video-preview:-1\" \/>\n<link rel=\"canonical\" href=\"https:\/\/x-runners.de\/?page_id=1898\" \/>\n<meta property=\"og:locale\" content=\"de_DE\" \/>\n<meta property=\"og:type\" content=\"article\" \/>\n<meta property=\"og:title\" content=\"Unterst\u00fctzer - X-Runners\" \/>\n<meta property=\"og:description\" content=\"Der B\u00e4cker aus Jena, der uns vor allem mit Lauf-Shirts und seiner ber\u00fchmten Rennsemmel unterst\u00fctzt. BFT Tankstelle &amp; Reifendienst Berrang (Triptis) Sparkasse Jena-Saale-Holzland (Hermsdorf) Wir danken herzlich unseren Unterst\u00fctzern !Sie m\u00f6chten die X-Runners auch f\u00f6rdern? Dann nehmen Sie einfach Kontakt zu uns auf.\" \/>\n<meta property=\"og:url\" content=\"https:\/\/x-runners.de\/?page_id=1898\" \/>\n<meta property=\"og:site_name\" content=\"X-Runners\" \/>\n<meta property=\"article:modified_time\" content=\"2025-05-15T17:01:42+00:00\" \/>\n<meta property=\"og:image\" content=\"http:\/\/x-runners.de\/wp-content\/uploads\/2015\/04\/Sponsor1-150x150.gif\" \/>\n<meta name=\"twitter:card\" content=\"summary_large_image\" \/>\n<meta name=\"twitter:label1\" content=\"Gesch\u00e4tzte Lesezeit\" \/>\n\t<meta name=\"twitter:data1\" content=\"2\u00a0Minuten\" \/>\n<script type=\"application\/ld+json\" class=\"yoast-schema-graph\">{\"@context\":\"https:\\\/\\\/schema.org\",\"@graph\":[{\"@type\":\"WebPage\",\"@id\":\"https:\\\/\\\/x-runners.de\\\/?page_id=1898\",\"url\":\"https:\\\/\\\/x-runners.de\\\/?page_id=1898\",\"name\":\"Unterst\u00fctzer - X-Runners\",\"isPartOf\":{\"@id\":\"https:\\\/\\\/x-runners.de\\\/#website\"},\"primaryImageOfPage\":{\"@id\":\"https:\\\/\\\/x-runners.de\\\/?page_id=1898#primaryimage\"},\"image\":{\"@id\":\"https:\\\/\\\/x-runners.de\\\/?page_id=1898#primaryimage\"},\"thumbnailUrl\":\"http:\\\/\\\/x-runners.de\\\/wp-content\\\/uploads\\\/2015\\\/04\\\/Sponsor1-150x150.gif\",\"datePublished\":\"2017-10-12T12:16:35+00:00\",\"dateModified\":\"2025-05-15T17:01:42+00:00\",\"breadcrumb\":{\"@id\":\"https:\\\/\\\/x-runners.de\\\/?page_id=1898#breadcrumb\"},\"inLanguage\":\"de\",\"potentialAction\":[{\"@type\":\"ReadAction\",\"target\":[\"https:\\\/\\\/x-runners.de\\\/?page_id=1898\"]}]},{\"@type\":\"ImageObject\",\"inLanguage\":\"de\",\"@id\":\"https:\\\/\\\/x-runners.de\\\/?page_id=1898#primaryimage\",\"url\":\"https:\\\/\\\/x-runners.de\\\/wp-content\\\/uploads\\\/2015\\\/04\\\/Sponsor1.gif\",\"contentUrl\":\"https:\\\/\\\/x-runners.de\\\/wp-content\\\/uploads\\\/2015\\\/04\\\/Sponsor1.gif\",\"width\":173,\"height\":201},{\"@type\":\"BreadcrumbList\",\"@id\":\"https:\\\/\\\/x-runners.de\\\/?page_id=1898#breadcrumb\",\"itemListElement\":[{\"@type\":\"ListItem\",\"position\":1,\"name\":\"Startseite\",\"item\":\"https:\\\/\\\/x-runners.de\\\/\"},{\"@type\":\"ListItem\",\"position\":2,\"name\":\"Unterst\u00fctzer\"}]},{\"@type\":\"WebSite\",\"@id\":\"https:\\\/\\\/x-runners.de\\\/#website\",\"url\":\"https:\\\/\\\/x-runners.de\\\/\",\"name\":\"X-Runners\",\"description\":\"Das Staffelteam aus Jena\",\"publisher\":{\"@id\":\"https:\\\/\\\/x-runners.de\\\/#organization\"},\"potentialAction\":[{\"@type\":\"SearchAction\",\"target\":{\"@type\":\"EntryPoint\",\"urlTemplate\":\"https:\\\/\\\/x-runners.de\\\/?s={search_term_string}\"},\"query-input\":{\"@type\":\"PropertyValueSpecification\",\"valueRequired\":true,\"valueName\":\"search_term_string\"}}],\"inLanguage\":\"de\"},{\"@type\":\"Organization\",\"@id\":\"https:\\\/\\\/x-runners.de\\\/#organization\",\"name\":\"X-Runners\",\"url\":\"https:\\\/\\\/x-runners.de\\\/\",\"logo\":{\"@type\":\"ImageObject\",\"inLanguage\":\"de\",\"@id\":\"https:\\\/\\\/x-runners.de\\\/#\\\/schema\\\/logo\\\/image\\\/\",\"url\":\"https:\\\/\\\/x-runners.de\\\/wp-content\\\/uploads\\\/2015\\\/04\\\/XRLOGOHP2.png\",\"contentUrl\":\"https:\\\/\\\/x-runners.de\\\/wp-content\\\/uploads\\\/2015\\\/04\\\/XRLOGOHP2.png\",\"width\":198,\"height\":55,\"caption\":\"X-Runners\"},\"image\":{\"@id\":\"https:\\\/\\\/x-runners.de\\\/#\\\/schema\\\/logo\\\/image\\\/\"}}]}<\/script>\n<!-- \/ Yoast SEO plugin. -->","yoast_head_json":{"title":"Unterst\u00fctzer - X-Runners","robots":{"index":"index","follow":"follow","max-snippet":"max-snippet:-1","max-image-preview":"max-image-preview:large","max-video-preview":"max-video-preview:-1"},"canonical":"https:\/\/x-runners.de\/?page_id=1898","og_locale":"de_DE","og_type":"article","og_title":"Unterst\u00fctzer - X-Runners","og_description":"Der B\u00e4cker aus Jena, der uns vor allem mit Lauf-Shirts und seiner ber\u00fchmten Rennsemmel unterst\u00fctzt. BFT Tankstelle &amp; Reifendienst Berrang (Triptis) Sparkasse Jena-Saale-Holzland (Hermsdorf) Wir danken herzlich unseren Unterst\u00fctzern !Sie m\u00f6chten die X-Runners auch f\u00f6rdern? Dann nehmen Sie einfach Kontakt zu uns auf.","og_url":"https:\/\/x-runners.de\/?page_id=1898","og_site_name":"X-Runners","article_modified_time":"2025-05-15T17:01:42+00:00","og_image":[{"url":"http:\/\/x-runners.de\/wp-content\/uploads\/2015\/04\/Sponsor1-150x150.gif","type":"","width":"","height":""}],"twitter_card":"summary_large_image","twitter_misc":{"Gesch\u00e4tzte Lesezeit":"2\u00a0Minuten"},"schema":{"@context":"https:\/\/schema.org","@graph":[{"@type":"WebPage","@id":"https:\/\/x-runners.de\/?page_id=1898","url":"https:\/\/x-runners.de\/?page_id=1898","name":"Unterst\u00fctzer - X-Runners","isPartOf":{"@id":"https:\/\/x-runners.de\/#website"},"primaryImageOfPage":{"@id":"https:\/\/x-runners.de\/?page_id=1898#primaryimage"},"image":{"@id":"https:\/\/x-runners.de\/?page_id=1898#primaryimage"},"thumbnailUrl":"http:\/\/x-runners.de\/wp-content\/uploads\/2015\/04\/Sponsor1-150x150.gif","datePublished":"2017-10-12T12:16:35+00:00","dateModified":"2025-05-15T17:01:42+00:00","breadcrumb":{"@id":"https:\/\/x-runners.de\/?page_id=1898#breadcrumb"},"inLanguage":"de","potentialAction":[{"@type":"ReadAction","target":["https:\/\/x-runners.de\/?page_id=1898"]}]},{"@type":"ImageObject","inLanguage":"de","@id":"https:\/\/x-runners.de\/?page_id=1898#primaryimage","url":"https:\/\/x-runners.de\/wp-content\/uploads\/2015\/04\/Sponsor1.gif","contentUrl":"https:\/\/x-runners.de\/wp-content\/uploads\/2015\/04\/Sponsor1.gif","width":173,"height":201},{"@type":"BreadcrumbList","@id":"https:\/\/x-runners.de\/?page_id=1898#breadcrumb","itemListElement":[{"@type":"ListItem","position":1,"name":"Startseite","item":"https:\/\/x-runners.de\/"},{"@type":"ListItem","position":2,"name":"Unterst\u00fctzer"}]},{"@type":"WebSite","@id":"https:\/\/x-runners.de\/#website","url":"https:\/\/x-runners.de\/","name":"X-Runners","description":"Das Staffelteam aus Jena","publisher":{"@id":"https:\/\/x-runners.de\/#organization"},"potentialAction":[{"@type":"SearchAction","target":{"@type":"EntryPoint","urlTemplate":"https:\/\/x-runners.de\/?s={search_term_string}"},"query-input":{"@type":"PropertyValueSpecification","valueRequired":true,"valueName":"search_term_string"}}],"inLanguage":"de"},{"@type":"Organization","@id":"https:\/\/x-runners.de\/#organization","name":"X-Runners","url":"https:\/\/x-runners.de\/","logo":{"@type":"ImageObject","inLanguage":"de","@id":"https:\/\/x-runners.de\/#\/schema\/logo\/image\/","url":"https:\/\/x-runners.de\/wp-content\/uploads\/2015\/04\/XRLOGOHP2.png","contentUrl":"https:\/\/x-runners.de\/wp-content\/uploads\/2015\/04\/XRLOGOHP2.png","width":198,"height":55,"caption":"X-Runners"},"image":{"@id":"https:\/\/x-runners.de\/#\/schema\/logo\/image\/"}}]}},"_links":{"self":[{"href":"https:\/\/x-runners.de\/index.php?rest_route=\/wp\/v2\/pages\/1898","targetHints":{"allow":["GET"]}}],"collection":[{"href":"https:\/\/x-runners.de\/index.php?rest_route=\/wp\/v2\/pages"}],"about":[{"href":"https:\/\/x-runners.de\/index.php?rest_route=\/wp\/v2\/types\/page"}],"author":[{"embeddable":true,"href":"https:\/\/x-runners.de\/index.php?rest_route=\/wp\/v2\/users\/1"}],"replies":[{"embeddable":true,"href":"https:\/\/x-runners.de\/index.php?rest_route=%2Fwp%2Fv2%2Fcomments&post=1898"}],"version-history":[{"count":22,"href":"https:\/\/x-runners.de\/index.php?rest_route=\/wp\/v2\/pages\/1898\/revisions"}],"predecessor-version":[{"id":3700,"href":"https:\/\/x-runners.de\/index.php?rest_route=\/wp\/v2\/pages\/1898\/revisions\/3700"}],"wp:attachment":[{"href":"https:\/\/x-runners.de\/index.php?rest_route=%2Fwp%2Fv2%2Fmedia&parent=1898"}],"curies":[{"name":"wp","href":"https:\/\/api.w.org\/{rel}","templated":true}]}}