{"id":21,"date":"2015-04-03T19:51:03","date_gmt":"2015-04-03T17:51:03","guid":{"rendered":"http:\/\/x-runners.de\/?page_id=21"},"modified":"2026-04-12T11:21:48","modified_gmt":"2026-04-12T09:21:48","slug":"impressum","status":"publish","type":"page","link":"https:\/\/x-runners.de\/?page_id=21","title":{"rendered":"Impressum"},"content":{"rendered":"<div><strong>X-Runners Jena e.V.<\/strong><br \/>An der Eule 24<br \/>07743 Jena<br \/>Vereinsregister: Vereinsregister Jena<\/div>\n<div>Registernummer: VR231639<\/div>\n<div><strong>Vertreten durch:<\/strong><br \/>J\u00fcrgen Voigt, Manuela K\u00f6rner<\/div>\n<div>\u00a0<\/div>\n<div><strong>Kontakt Website<\/strong><br \/>Telefon: 017645852296<br \/>E-Mail: valentin.voigt@jevv.de<\/div>\n<div>\u00a0<\/div>\n<div><strong>Redaktionell verantwortlich<\/strong><br \/>Vorstandsvorsitz (falls kein anderer Autor genannt)<\/div>\n<div>\u00a0<\/div>\n<div><strong>Verbraucherstreitbeilegung\/Universalschlichtungsstelle<\/strong><br \/>Wir sind nicht bereit oder verpflichtet, an Streitbeilegungsverfahren vor einer<br \/>Verbraucherschlichtungsstelle teilzunehmen.<\/div>\n<div>\u00a0<\/div>\n<div><strong>Quelle:<\/strong><br \/>eRecht24<\/div>\n<div class=\"xr_tl\">\u00a0<\/div>\n\n\n<h2 class=\"wp-block-heading\">Haftungsausschluss<\/h2>\n\n\n\n<p>1. Inhalt des Onlineangebotes <\/p>\n\n\n\n<p>Der Autor \u00fcbernimmt keinerlei Gew\u00e4hr f\u00fcr die Aktualit\u00e4t, Korrektheit, Vollst\u00e4ndigkeit oder Qualit\u00e4t der bereitgestellten&nbsp;Informationen. Haftungsanspr\u00fcche gegen den Autor, welche sich auf Sch\u00e4den materieller oder ideeller Art beziehen, die durch die&nbsp;Nutzung oder Nichtnutzung der dargebotenen Informationen bzw. durch die Nutzung fehlerhafter und unvollst\u00e4ndiger&nbsp;Informationen verursacht wurden, sind grunds\u00e4tzlich ausgeschlossen, sofern seitendes Autors kein nachweislich vors\u00e4tzliches&nbsp;oder grob fahrl\u00e4ssiges Verschulden vorliegt.&nbsp;Alle Angebote sind freibleibend und unverbindlich. Der Autor beh\u00e4lt es sich ausdr\u00fccklich vor, Teile der Seiten oder das gesamte&nbsp;Angebot ohne gesonderte Ank\u00fcndigung zu ver\u00e4ndern, zu erg\u00e4nzen, zu l\u00f6schen oder die Ver\u00f6ffentlichung zeitweise oder endg\u00fcltig&nbsp;einzustellen.<\/p>\n\n\n\n<p>2. Verweise und Links <\/p>\n\n\n\n<p>Bei direkten oder indirekten Verweisen auf fremde Webseiten (Hyperlinks), die au\u00dferhalb des Verantwortungsbereiches des&nbsp;Autors liegen, w\u00fcrde eine Haftungsverpflichtung ausschlie\u00dflich in dem Fall in Kraft treten, in dem der Autor von den Inhalten&nbsp;Kenntnis hat und es ihm technisch m\u00f6glich und zumutbar w\u00e4re, die Nutzung im Falle rechtswidriger Inhalte zu verhindern.&nbsp;Der Autor erkl\u00e4rt hiermit ausdr\u00fccklich, dass zum Zeitpunkt der Linksetzung keine illegalen Inhalte auf den zu verlinkenden Seiten&nbsp;erkennbar waren. Auf die aktuelle und zuk\u00fcnftige Gestaltung, die Inhalte oder die Urheberschaft der verlinkten\/verkn\u00fcpften Seiten&nbsp;hat der Autor keinerlei Einfluss. Deshalb distanziert er sich hiermit ausdr\u00fccklich von allen Inhalten aller verlinkten \/verkn\u00fcpften&nbsp;Seiten, die nach der Linksetzung ver\u00e4ndert wurden. Diese Feststellung gilt f\u00fcr alle innerhalb des eigenen Internetangebotes&nbsp;gesetzten Links und Verweise sowie f\u00fcr Fremdeintr\u00e4ge in vom Autor eingerichteten G\u00e4steb\u00fcchern, Diskussionsforen,&nbsp;Linkverzeichnissen, Mailinglisten und in allen anderen Formen von Datenbanken, auf deren Inhalt externe Schreibzugriffe m\u00f6glich&nbsp;sind. F\u00fcr illegale, fehlerhafte oder unvollst\u00e4ndige Inhalte und insbesondere f\u00fcr Sch\u00e4den, die aus der Nutzung oder Nichtnutzung&nbsp;solcherart dargebotener Informationen entstehen, haftet allein der Anbieter der Seite, auf welche verwiesen wurde, nicht&nbsp;derjenige, der \u00fcber Links auf die jeweilige Ver\u00f6ffentlichung lediglich verweist.<\/p>\n\n\n\n<p>3. Urheber- und Kennzeichenrecht <\/p>\n\n\n\n<p>Der Autor ist bestrebt, in allen Publikationen die Urheberrechte der verwendeten Grafiken, Tondokumente, Videosequenzen und&nbsp;Texte zu beachten, von ihm selbst erstellte Grafiken, Tondokumente, Videosequenzen und Texte zu nutzen oder auf lizenzfreie&nbsp;Grafiken, Tondokumente, Videosequenzen und Texte zur\u00fcckzugreifen.&nbsp;Alle innerhalb des Internetangebotes genannten und ggf. durch Dritte gesch\u00fctzten Marken- und Warenzeichen unterliegen&nbsp;uneingeschr\u00e4nkt den Bestimmungen des jeweils g\u00fcltigen Kennzeichenrechts und den Besitzrechten der jeweiligen eingetragenen&nbsp;Eigent\u00fcmer. Allein aufgrund der blo\u00dfen Nennung ist nicht der Schluss zu ziehen, dass Markenzeichen nicht durch Rechte Dritter&nbsp;gesch\u00fctzt sind!&nbsp;Das Copyright f\u00fcr ver\u00f6ffentlichte, vom Autor selbst erstellte Objekte bleibt allein beim Autor der Seiten. Eine Vervielf\u00e4ltigung oder&nbsp;Verwendung solcher Grafiken, Tondokumente, Videosequenzen und Texte in anderen elektronischen oder gedruckten&nbsp;Publikationen ist ohne ausdr\u00fcckliche Zustimmung des Autors nicht gestattet.<\/p>\n\n\n\n<p>4. Datenschutz <\/p>\n\n\n\n<p>Sofern innerhalb des Internetangebotes die M\u00f6glichkeit zur Eingabe pers\u00f6nlicher oder gesch\u00e4ftlicher Daten (Emailadressen,&nbsp;Namen, Anschriften) besteht, so erfolgt die Preisgabe dieser Daten seitens des Nutzers auf ausdr\u00fccklich freiwilliger Basis. Die&nbsp;Inanspruchnahme und Bezahlung aller angebotenen Dienste ist \u2013 soweit technisch m\u00f6glich und zumutbar \u2013 auch ohne Angabe&nbsp;solcher Daten bzw. unter Angabe anonymisierter Daten oder eines Pseudonyms gestattet. Die Nutzung der im Rahmen des&nbsp;Impressums oder vergleichbarer Angaben ver\u00f6ffentlichten Kontaktdaten wie Postanschriften, Telefon- und Faxnummern sowie&nbsp;Emailadressen durch Dritte zur \u00dcbersendung von nicht ausdr\u00fccklich angeforderten Informationen ist nicht gestattet. Rechtliche&nbsp;Schritte gegen die Versender von sogenannten Spam-Mails bei Verst\u00f6ssen gegen dieses Verbot sind ausdr\u00fccklich vorbehalten.<\/p>\n\n\n\n<p>5. Rechtswirksamkeit dieses Haftungsausschlusses <\/p>\n\n\n\n<p>Dieser Haftungsausschluss ist als Teil des Internetangebotes zu betrachten, von dem aus auf diese Seite verwiesen wurde.&nbsp;Sofern Teile oder einzelne Formulierungen dieses Textes der geltenden Rechtslage nicht, nicht mehr oder nicht vollst\u00e4ndig&nbsp;entsprechen sollten, bleiben die \u00fcbrigen Teile des Dokumentes in ihrem Inhalt und ihrer G\u00fcltigkeit davon unber\u00fchrt.<\/p>\n","protected":false},"excerpt":{"rendered":"<p>X-Runners Jena e.V.An der Eule 2407743 JenaVereinsregister: Vereinsregister Jena Registernummer: VR231639 Vertreten durch:J\u00fcrgen Voigt, Manuela K\u00f6rner \u00a0 Kontakt WebsiteTelefon: 017645852296E-Mail: valentin.voigt@jevv.de \u00a0 Redaktionell verantwortlichVorstandsvorsitz (falls kein anderer Autor genannt) \u00a0 Verbraucherstreitbeilegung\/UniversalschlichtungsstelleWir sind nicht bereit oder verpflichtet, an Streitbeilegungsverfahren vor einerVerbraucherschlichtungsstelle teilzunehmen. \u00a0 Quelle:eRecht24 \u00a0 Haftungsausschluss 1. Inhalt des Onlineangebotes Der Autor \u00fcbernimmt keinerlei Gew\u00e4hr f\u00fcr <a class=\"more-link\" href=\"https:\/\/x-runners.de\/?page_id=21\">Read More &#8230;<\/a><\/p>\n","protected":false},"author":1,"featured_media":0,"parent":0,"menu_order":16,"comment_status":"closed","ping_status":"closed","template":"","meta":{"footnotes":""},"class_list":["post-21","page","type-page","status-publish","hentry"],"yoast_head":"<!-- This site is optimized with the Yoast SEO plugin v27.4 - https:\/\/yoast.com\/product\/yoast-seo-wordpress\/ -->\n<title>Impressum - X-Runners<\/title>\n<meta name=\"robots\" content=\"index, follow, max-snippet:-1, max-image-preview:large, max-video-preview:-1\" \/>\n<link rel=\"canonical\" href=\"https:\/\/x-runners.de\/?page_id=21\" \/>\n<meta property=\"og:locale\" content=\"de_DE\" \/>\n<meta property=\"og:type\" content=\"article\" \/>\n<meta property=\"og:title\" content=\"Impressum - X-Runners\" \/>\n<meta property=\"og:description\" content=\"X-Runners Jena e.V.An der Eule 2407743 JenaVereinsregister: Vereinsregister Jena Registernummer: VR231639 Vertreten durch:J\u00fcrgen Voigt, Manuela K\u00f6rner \u00a0 Kontakt WebsiteTelefon: 017645852296E-Mail: valentin.voigt@jevv.de \u00a0 Redaktionell verantwortlichVorstandsvorsitz (falls kein anderer Autor genannt) \u00a0 Verbraucherstreitbeilegung\/UniversalschlichtungsstelleWir sind nicht bereit oder verpflichtet, an Streitbeilegungsverfahren vor einerVerbraucherschlichtungsstelle teilzunehmen. \u00a0 Quelle:eRecht24 \u00a0 Haftungsausschluss 1. Inhalt des Onlineangebotes Der Autor \u00fcbernimmt keinerlei Gew\u00e4hr f\u00fcr Read More ...\" \/>\n<meta property=\"og:url\" content=\"https:\/\/x-runners.de\/?page_id=21\" \/>\n<meta property=\"og:site_name\" content=\"X-Runners\" \/>\n<meta property=\"article:modified_time\" content=\"2026-04-12T09:21:48+00:00\" \/>\n<meta name=\"twitter:card\" content=\"summary_large_image\" \/>\n<meta name=\"twitter:label1\" content=\"Gesch\u00e4tzte Lesezeit\" \/>\n\t<meta name=\"twitter:data1\" content=\"4\u00a0Minuten\" \/>\n<script type=\"application\/ld+json\" class=\"yoast-schema-graph\">{\"@context\":\"https:\\\/\\\/schema.org\",\"@graph\":[{\"@type\":\"WebPage\",\"@id\":\"https:\\\/\\\/x-runners.de\\\/?page_id=21\",\"url\":\"https:\\\/\\\/x-runners.de\\\/?page_id=21\",\"name\":\"Impressum - X-Runners\",\"isPartOf\":{\"@id\":\"https:\\\/\\\/x-runners.de\\\/#website\"},\"datePublished\":\"2015-04-03T17:51:03+00:00\",\"dateModified\":\"2026-04-12T09:21:48+00:00\",\"breadcrumb\":{\"@id\":\"https:\\\/\\\/x-runners.de\\\/?page_id=21#breadcrumb\"},\"inLanguage\":\"de\",\"potentialAction\":[{\"@type\":\"ReadAction\",\"target\":[\"https:\\\/\\\/x-runners.de\\\/?page_id=21\"]}]},{\"@type\":\"BreadcrumbList\",\"@id\":\"https:\\\/\\\/x-runners.de\\\/?page_id=21#breadcrumb\",\"itemListElement\":[{\"@type\":\"ListItem\",\"position\":1,\"name\":\"Startseite\",\"item\":\"https:\\\/\\\/x-runners.de\\\/\"},{\"@type\":\"ListItem\",\"position\":2,\"name\":\"Impressum\"}]},{\"@type\":\"WebSite\",\"@id\":\"https:\\\/\\\/x-runners.de\\\/#website\",\"url\":\"https:\\\/\\\/x-runners.de\\\/\",\"name\":\"X-Runners\",\"description\":\"Das Staffelteam aus Jena\",\"publisher\":{\"@id\":\"https:\\\/\\\/x-runners.de\\\/#organization\"},\"potentialAction\":[{\"@type\":\"SearchAction\",\"target\":{\"@type\":\"EntryPoint\",\"urlTemplate\":\"https:\\\/\\\/x-runners.de\\\/?s={search_term_string}\"},\"query-input\":{\"@type\":\"PropertyValueSpecification\",\"valueRequired\":true,\"valueName\":\"search_term_string\"}}],\"inLanguage\":\"de\"},{\"@type\":\"Organization\",\"@id\":\"https:\\\/\\\/x-runners.de\\\/#organization\",\"name\":\"X-Runners\",\"url\":\"https:\\\/\\\/x-runners.de\\\/\",\"logo\":{\"@type\":\"ImageObject\",\"inLanguage\":\"de\",\"@id\":\"https:\\\/\\\/x-runners.de\\\/#\\\/schema\\\/logo\\\/image\\\/\",\"url\":\"https:\\\/\\\/x-runners.de\\\/wp-content\\\/uploads\\\/2015\\\/04\\\/XRLOGOHP2.png\",\"contentUrl\":\"https:\\\/\\\/x-runners.de\\\/wp-content\\\/uploads\\\/2015\\\/04\\\/XRLOGOHP2.png\",\"width\":198,\"height\":55,\"caption\":\"X-Runners\"},\"image\":{\"@id\":\"https:\\\/\\\/x-runners.de\\\/#\\\/schema\\\/logo\\\/image\\\/\"}}]}<\/script>\n<!-- \/ Yoast SEO plugin. -->","yoast_head_json":{"title":"Impressum - X-Runners","robots":{"index":"index","follow":"follow","max-snippet":"max-snippet:-1","max-image-preview":"max-image-preview:large","max-video-preview":"max-video-preview:-1"},"canonical":"https:\/\/x-runners.de\/?page_id=21","og_locale":"de_DE","og_type":"article","og_title":"Impressum - X-Runners","og_description":"X-Runners Jena e.V.An der Eule 2407743 JenaVereinsregister: Vereinsregister Jena Registernummer: VR231639 Vertreten durch:J\u00fcrgen Voigt, Manuela K\u00f6rner \u00a0 Kontakt WebsiteTelefon: 017645852296E-Mail: valentin.voigt@jevv.de \u00a0 Redaktionell verantwortlichVorstandsvorsitz (falls kein anderer Autor genannt) \u00a0 Verbraucherstreitbeilegung\/UniversalschlichtungsstelleWir sind nicht bereit oder verpflichtet, an Streitbeilegungsverfahren vor einerVerbraucherschlichtungsstelle teilzunehmen. \u00a0 Quelle:eRecht24 \u00a0 Haftungsausschluss 1. Inhalt des Onlineangebotes Der Autor \u00fcbernimmt keinerlei Gew\u00e4hr f\u00fcr Read More ...","og_url":"https:\/\/x-runners.de\/?page_id=21","og_site_name":"X-Runners","article_modified_time":"2026-04-12T09:21:48+00:00","twitter_card":"summary_large_image","twitter_misc":{"Gesch\u00e4tzte Lesezeit":"4\u00a0Minuten"},"schema":{"@context":"https:\/\/schema.org","@graph":[{"@type":"WebPage","@id":"https:\/\/x-runners.de\/?page_id=21","url":"https:\/\/x-runners.de\/?page_id=21","name":"Impressum - X-Runners","isPartOf":{"@id":"https:\/\/x-runners.de\/#website"},"datePublished":"2015-04-03T17:51:03+00:00","dateModified":"2026-04-12T09:21:48+00:00","breadcrumb":{"@id":"https:\/\/x-runners.de\/?page_id=21#breadcrumb"},"inLanguage":"de","potentialAction":[{"@type":"ReadAction","target":["https:\/\/x-runners.de\/?page_id=21"]}]},{"@type":"BreadcrumbList","@id":"https:\/\/x-runners.de\/?page_id=21#breadcrumb","itemListElement":[{"@type":"ListItem","position":1,"name":"Startseite","item":"https:\/\/x-runners.de\/"},{"@type":"ListItem","position":2,"name":"Impressum"}]},{"@type":"WebSite","@id":"https:\/\/x-runners.de\/#website","url":"https:\/\/x-runners.de\/","name":"X-Runners","description":"Das Staffelteam aus Jena","publisher":{"@id":"https:\/\/x-runners.de\/#organization"},"potentialAction":[{"@type":"SearchAction","target":{"@type":"EntryPoint","urlTemplate":"https:\/\/x-runners.de\/?s={search_term_string}"},"query-input":{"@type":"PropertyValueSpecification","valueRequired":true,"valueName":"search_term_string"}}],"inLanguage":"de"},{"@type":"Organization","@id":"https:\/\/x-runners.de\/#organization","name":"X-Runners","url":"https:\/\/x-runners.de\/","logo":{"@type":"ImageObject","inLanguage":"de","@id":"https:\/\/x-runners.de\/#\/schema\/logo\/image\/","url":"https:\/\/x-runners.de\/wp-content\/uploads\/2015\/04\/XRLOGOHP2.png","contentUrl":"https:\/\/x-runners.de\/wp-content\/uploads\/2015\/04\/XRLOGOHP2.png","width":198,"height":55,"caption":"X-Runners"},"image":{"@id":"https:\/\/x-runners.de\/#\/schema\/logo\/image\/"}}]}},"_links":{"self":[{"href":"https:\/\/x-runners.de\/index.php?rest_route=\/wp\/v2\/pages\/21","targetHints":{"allow":["GET"]}}],"collection":[{"href":"https:\/\/x-runners.de\/index.php?rest_route=\/wp\/v2\/pages"}],"about":[{"href":"https:\/\/x-runners.de\/index.php?rest_route=\/wp\/v2\/types\/page"}],"author":[{"embeddable":true,"href":"https:\/\/x-runners.de\/index.php?rest_route=\/wp\/v2\/users\/1"}],"replies":[{"embeddable":true,"href":"https:\/\/x-runners.de\/index.php?rest_route=%2Fwp%2Fv2%2Fcomments&post=21"}],"version-history":[{"count":9,"href":"https:\/\/x-runners.de\/index.php?rest_route=\/wp\/v2\/pages\/21\/revisions"}],"predecessor-version":[{"id":6324,"href":"https:\/\/x-runners.de\/index.php?rest_route=\/wp\/v2\/pages\/21\/revisions\/6324"}],"wp:attachment":[{"href":"https:\/\/x-runners.de\/index.php?rest_route=%2Fwp%2Fv2%2Fmedia&parent=21"}],"curies":[{"name":"wp","href":"https:\/\/api.w.org\/{rel}","templated":true}]}}