{"id":6456,"date":"2026-04-15T14:33:21","date_gmt":"2026-04-15T12:33:21","guid":{"rendered":"https:\/\/x-runners.de\/?page_id=6456"},"modified":"2026-04-15T19:32:53","modified_gmt":"2026-04-15T17:32:53","slug":"team-ausdauerlauf","status":"publish","type":"page","link":"https:\/\/x-runners.de\/?page_id=6456","title":{"rendered":"Team-Ausdauerlauf"},"content":{"rendered":"\n<p>Hier hat der Verein seine Wurzeln. Alles begann 2006 nach dem Kernberglauf in Jena, wo sich einige Sportsfreunde nach \u00fcber 20 Jahren wieder trafen. Es wurde die Idee geboren, gemeinsam ein Team f\u00fcr die Rennsteigstaffel im Folgejahr aufzustellen. Bei diesem Event teilten sich 10 L\u00e4ufer die 168km Rennsteig von Ost (Blankestein) bis West (H\u00f6rschel). Schon bei der ersten Teilnahme zahlten wir Lehrgeld: es kommt nicht nur auf schnelles Laufen an, sondern auch auf eine ausgefeilte Logistik &#8222;mit doppeltem Boden&#8220;. Aber Blut geleckt hatten wir allemal. Das gemeinschaftliche Erlebnis des ansonsten eher individuellen Ausdauerlaufens brachte einen besonderen Kick. Daraus entwickelte sich schnell die Teilnahme an weiteren Staffell\u00e4ufen, bald auch mit mehren Teams (Mixed und Frauen). Aber auch die Teamwertungen \u00fcber die verschiedenen Wertungsklassen bei Laufveranstaltungen gezielt zu gewinnen, macht Spa\u00df. Die Grundausdauer erarbeitet sich jeder individuell. Das Training auf der Bahn unter professioneller Anleitung verbessert das Laufverm\u00f6gen (Koordination, Laufbild, Tempoh\u00e4rte), ist aber auch immer wieder gelebte Gemeinschaft \ud83d\ude42<\/p>\n\n\n\n<figure class=\"wp-block-image size-large\"><img loading=\"lazy\" decoding=\"async\" width=\"1024\" height=\"619\" src=\"https:\/\/x-runners.de\/wp-content\/uploads\/2025\/07\/365a4826_1-1024x619.jpg\" alt=\"\" class=\"wp-image-5594\" srcset=\"https:\/\/x-runners.de\/wp-content\/uploads\/2025\/07\/365a4826_1-1024x619.jpg 1024w, https:\/\/x-runners.de\/wp-content\/uploads\/2025\/07\/365a4826_1-300x181.jpg 300w, https:\/\/x-runners.de\/wp-content\/uploads\/2025\/07\/365a4826_1-768x464.jpg 768w, https:\/\/x-runners.de\/wp-content\/uploads\/2025\/07\/365a4826_1-1536x928.jpg 1536w, https:\/\/x-runners.de\/wp-content\/uploads\/2025\/07\/365a4826_1-2048x1237.jpg 2048w, https:\/\/x-runners.de\/wp-content\/uploads\/2025\/07\/365a4826_1-250x151.jpg 250w\" sizes=\"auto, (max-width: 1024px) 100vw, 1024px\" \/><\/figure>\n","protected":false},"excerpt":{"rendered":"<p>Hier hat der Verein seine Wurzeln. Alles begann 2006 nach dem Kernberglauf in Jena, wo sich einige Sportsfreunde nach \u00fcber 20 Jahren wieder trafen. Es wurde die Idee geboren, gemeinsam ein Team f\u00fcr die Rennsteigstaffel im Folgejahr aufzustellen. Bei diesem Event teilten sich 10 L\u00e4ufer die 168km Rennsteig von Ost (Blankestein) bis West (H\u00f6rschel). Schon <a class=\"more-link\" href=\"https:\/\/x-runners.de\/?page_id=6456\">Read More &#8230;<\/a><\/p>\n","protected":false},"author":2,"featured_media":0,"parent":2426,"menu_order":0,"comment_status":"closed","ping_status":"closed","template":"","meta":{"footnotes":""},"class_list":["post-6456","page","type-page","status-publish","hentry"],"yoast_head":"<!-- This site is optimized with the Yoast SEO plugin v27.4 - https:\/\/yoast.com\/product\/yoast-seo-wordpress\/ -->\n<title>Team-Ausdauerlauf - X-Runners<\/title>\n<meta name=\"robots\" content=\"index, follow, max-snippet:-1, max-image-preview:large, max-video-preview:-1\" \/>\n<link rel=\"canonical\" href=\"https:\/\/x-runners.de\/?page_id=6456\" \/>\n<meta property=\"og:locale\" content=\"de_DE\" \/>\n<meta property=\"og:type\" content=\"article\" \/>\n<meta property=\"og:title\" content=\"Team-Ausdauerlauf - X-Runners\" \/>\n<meta property=\"og:description\" content=\"Hier hat der Verein seine Wurzeln. Alles begann 2006 nach dem Kernberglauf in Jena, wo sich einige Sportsfreunde nach \u00fcber 20 Jahren wieder trafen. Es wurde die Idee geboren, gemeinsam ein Team f\u00fcr die Rennsteigstaffel im Folgejahr aufzustellen. Bei diesem Event teilten sich 10 L\u00e4ufer die 168km Rennsteig von Ost (Blankestein) bis West (H\u00f6rschel). Schon Read More ...\" \/>\n<meta property=\"og:url\" content=\"https:\/\/x-runners.de\/?page_id=6456\" \/>\n<meta property=\"og:site_name\" content=\"X-Runners\" \/>\n<meta property=\"article:modified_time\" content=\"2026-04-15T17:32:53+00:00\" \/>\n<meta property=\"og:image\" content=\"https:\/\/x-runners.de\/wp-content\/uploads\/2025\/07\/365a4826_1-scaled.jpg\" \/>\n\t<meta property=\"og:image:width\" content=\"2560\" \/>\n\t<meta property=\"og:image:height\" content=\"1547\" \/>\n\t<meta property=\"og:image:type\" content=\"image\/jpeg\" \/>\n<meta name=\"twitter:card\" content=\"summary_large_image\" \/>\n<meta name=\"twitter:label1\" content=\"Gesch\u00e4tzte Lesezeit\" \/>\n\t<meta name=\"twitter:data1\" content=\"2\u00a0Minuten\" \/>\n<script type=\"application\/ld+json\" class=\"yoast-schema-graph\">{\"@context\":\"https:\\\/\\\/schema.org\",\"@graph\":[{\"@type\":\"WebPage\",\"@id\":\"https:\\\/\\\/x-runners.de\\\/?page_id=6456\",\"url\":\"https:\\\/\\\/x-runners.de\\\/?page_id=6456\",\"name\":\"Team-Ausdauerlauf - X-Runners\",\"isPartOf\":{\"@id\":\"https:\\\/\\\/x-runners.de\\\/#website\"},\"primaryImageOfPage\":{\"@id\":\"https:\\\/\\\/x-runners.de\\\/?page_id=6456#primaryimage\"},\"image\":{\"@id\":\"https:\\\/\\\/x-runners.de\\\/?page_id=6456#primaryimage\"},\"thumbnailUrl\":\"https:\\\/\\\/x-runners.de\\\/wp-content\\\/uploads\\\/2025\\\/07\\\/365a4826_1-1024x619.jpg\",\"datePublished\":\"2026-04-15T12:33:21+00:00\",\"dateModified\":\"2026-04-15T17:32:53+00:00\",\"breadcrumb\":{\"@id\":\"https:\\\/\\\/x-runners.de\\\/?page_id=6456#breadcrumb\"},\"inLanguage\":\"de\",\"potentialAction\":[{\"@type\":\"ReadAction\",\"target\":[\"https:\\\/\\\/x-runners.de\\\/?page_id=6456\"]}]},{\"@type\":\"ImageObject\",\"inLanguage\":\"de\",\"@id\":\"https:\\\/\\\/x-runners.de\\\/?page_id=6456#primaryimage\",\"url\":\"https:\\\/\\\/x-runners.de\\\/wp-content\\\/uploads\\\/2025\\\/07\\\/365a4826_1-scaled.jpg\",\"contentUrl\":\"https:\\\/\\\/x-runners.de\\\/wp-content\\\/uploads\\\/2025\\\/07\\\/365a4826_1-scaled.jpg\",\"width\":2560,\"height\":1547},{\"@type\":\"BreadcrumbList\",\"@id\":\"https:\\\/\\\/x-runners.de\\\/?page_id=6456#breadcrumb\",\"itemListElement\":[{\"@type\":\"ListItem\",\"position\":1,\"name\":\"Startseite\",\"item\":\"https:\\\/\\\/x-runners.de\\\/\"},{\"@type\":\"ListItem\",\"position\":2,\"name\":\"Der Verein\",\"item\":\"https:\\\/\\\/x-runners.de\\\/?page_id=2426\"},{\"@type\":\"ListItem\",\"position\":3,\"name\":\"Team-Ausdauerlauf\"}]},{\"@type\":\"WebSite\",\"@id\":\"https:\\\/\\\/x-runners.de\\\/#website\",\"url\":\"https:\\\/\\\/x-runners.de\\\/\",\"name\":\"X-Runners\",\"description\":\"Das Staffelteam aus Jena\",\"publisher\":{\"@id\":\"https:\\\/\\\/x-runners.de\\\/#organization\"},\"potentialAction\":[{\"@type\":\"SearchAction\",\"target\":{\"@type\":\"EntryPoint\",\"urlTemplate\":\"https:\\\/\\\/x-runners.de\\\/?s={search_term_string}\"},\"query-input\":{\"@type\":\"PropertyValueSpecification\",\"valueRequired\":true,\"valueName\":\"search_term_string\"}}],\"inLanguage\":\"de\"},{\"@type\":\"Organization\",\"@id\":\"https:\\\/\\\/x-runners.de\\\/#organization\",\"name\":\"X-Runners\",\"url\":\"https:\\\/\\\/x-runners.de\\\/\",\"logo\":{\"@type\":\"ImageObject\",\"inLanguage\":\"de\",\"@id\":\"https:\\\/\\\/x-runners.de\\\/#\\\/schema\\\/logo\\\/image\\\/\",\"url\":\"https:\\\/\\\/x-runners.de\\\/wp-content\\\/uploads\\\/2015\\\/04\\\/XRLOGOHP2.png\",\"contentUrl\":\"https:\\\/\\\/x-runners.de\\\/wp-content\\\/uploads\\\/2015\\\/04\\\/XRLOGOHP2.png\",\"width\":198,\"height\":55,\"caption\":\"X-Runners\"},\"image\":{\"@id\":\"https:\\\/\\\/x-runners.de\\\/#\\\/schema\\\/logo\\\/image\\\/\"}}]}<\/script>\n<!-- \/ Yoast SEO plugin. -->","yoast_head_json":{"title":"Team-Ausdauerlauf - X-Runners","robots":{"index":"index","follow":"follow","max-snippet":"max-snippet:-1","max-image-preview":"max-image-preview:large","max-video-preview":"max-video-preview:-1"},"canonical":"https:\/\/x-runners.de\/?page_id=6456","og_locale":"de_DE","og_type":"article","og_title":"Team-Ausdauerlauf - X-Runners","og_description":"Hier hat der Verein seine Wurzeln. Alles begann 2006 nach dem Kernberglauf in Jena, wo sich einige Sportsfreunde nach \u00fcber 20 Jahren wieder trafen. Es wurde die Idee geboren, gemeinsam ein Team f\u00fcr die Rennsteigstaffel im Folgejahr aufzustellen. Bei diesem Event teilten sich 10 L\u00e4ufer die 168km Rennsteig von Ost (Blankestein) bis West (H\u00f6rschel). Schon Read More ...","og_url":"https:\/\/x-runners.de\/?page_id=6456","og_site_name":"X-Runners","article_modified_time":"2026-04-15T17:32:53+00:00","og_image":[{"width":2560,"height":1547,"url":"https:\/\/x-runners.de\/wp-content\/uploads\/2025\/07\/365a4826_1-scaled.jpg","type":"image\/jpeg"}],"twitter_card":"summary_large_image","twitter_misc":{"Gesch\u00e4tzte Lesezeit":"2\u00a0Minuten"},"schema":{"@context":"https:\/\/schema.org","@graph":[{"@type":"WebPage","@id":"https:\/\/x-runners.de\/?page_id=6456","url":"https:\/\/x-runners.de\/?page_id=6456","name":"Team-Ausdauerlauf - X-Runners","isPartOf":{"@id":"https:\/\/x-runners.de\/#website"},"primaryImageOfPage":{"@id":"https:\/\/x-runners.de\/?page_id=6456#primaryimage"},"image":{"@id":"https:\/\/x-runners.de\/?page_id=6456#primaryimage"},"thumbnailUrl":"https:\/\/x-runners.de\/wp-content\/uploads\/2025\/07\/365a4826_1-1024x619.jpg","datePublished":"2026-04-15T12:33:21+00:00","dateModified":"2026-04-15T17:32:53+00:00","breadcrumb":{"@id":"https:\/\/x-runners.de\/?page_id=6456#breadcrumb"},"inLanguage":"de","potentialAction":[{"@type":"ReadAction","target":["https:\/\/x-runners.de\/?page_id=6456"]}]},{"@type":"ImageObject","inLanguage":"de","@id":"https:\/\/x-runners.de\/?page_id=6456#primaryimage","url":"https:\/\/x-runners.de\/wp-content\/uploads\/2025\/07\/365a4826_1-scaled.jpg","contentUrl":"https:\/\/x-runners.de\/wp-content\/uploads\/2025\/07\/365a4826_1-scaled.jpg","width":2560,"height":1547},{"@type":"BreadcrumbList","@id":"https:\/\/x-runners.de\/?page_id=6456#breadcrumb","itemListElement":[{"@type":"ListItem","position":1,"name":"Startseite","item":"https:\/\/x-runners.de\/"},{"@type":"ListItem","position":2,"name":"Der Verein","item":"https:\/\/x-runners.de\/?page_id=2426"},{"@type":"ListItem","position":3,"name":"Team-Ausdauerlauf"}]},{"@type":"WebSite","@id":"https:\/\/x-runners.de\/#website","url":"https:\/\/x-runners.de\/","name":"X-Runners","description":"Das Staffelteam aus Jena","publisher":{"@id":"https:\/\/x-runners.de\/#organization"},"potentialAction":[{"@type":"SearchAction","target":{"@type":"EntryPoint","urlTemplate":"https:\/\/x-runners.de\/?s={search_term_string}"},"query-input":{"@type":"PropertyValueSpecification","valueRequired":true,"valueName":"search_term_string"}}],"inLanguage":"de"},{"@type":"Organization","@id":"https:\/\/x-runners.de\/#organization","name":"X-Runners","url":"https:\/\/x-runners.de\/","logo":{"@type":"ImageObject","inLanguage":"de","@id":"https:\/\/x-runners.de\/#\/schema\/logo\/image\/","url":"https:\/\/x-runners.de\/wp-content\/uploads\/2015\/04\/XRLOGOHP2.png","contentUrl":"https:\/\/x-runners.de\/wp-content\/uploads\/2015\/04\/XRLOGOHP2.png","width":198,"height":55,"caption":"X-Runners"},"image":{"@id":"https:\/\/x-runners.de\/#\/schema\/logo\/image\/"}}]}},"_links":{"self":[{"href":"https:\/\/x-runners.de\/index.php?rest_route=\/wp\/v2\/pages\/6456","targetHints":{"allow":["GET"]}}],"collection":[{"href":"https:\/\/x-runners.de\/index.php?rest_route=\/wp\/v2\/pages"}],"about":[{"href":"https:\/\/x-runners.de\/index.php?rest_route=\/wp\/v2\/types\/page"}],"author":[{"embeddable":true,"href":"https:\/\/x-runners.de\/index.php?rest_route=\/wp\/v2\/users\/2"}],"replies":[{"embeddable":true,"href":"https:\/\/x-runners.de\/index.php?rest_route=%2Fwp%2Fv2%2Fcomments&post=6456"}],"version-history":[{"count":5,"href":"https:\/\/x-runners.de\/index.php?rest_route=\/wp\/v2\/pages\/6456\/revisions"}],"predecessor-version":[{"id":6470,"href":"https:\/\/x-runners.de\/index.php?rest_route=\/wp\/v2\/pages\/6456\/revisions\/6470"}],"up":[{"embeddable":true,"href":"https:\/\/x-runners.de\/index.php?rest_route=\/wp\/v2\/pages\/2426"}],"wp:attachment":[{"href":"https:\/\/x-runners.de\/index.php?rest_route=%2Fwp%2Fv2%2Fmedia&parent=6456"}],"curies":[{"name":"wp","href":"https:\/\/api.w.org\/{rel}","templated":true}]}}